{"id":2012,"date":"2025-08-30T15:15:57","date_gmt":"2025-08-30T12:15:57","guid":{"rendered":"https:\/\/www.akarca.tc\/new\/?page_id=2012"},"modified":"2025-08-30T15:26:49","modified_gmt":"2025-08-30T12:26:49","slug":"duvar-uniteleri","status":"publish","type":"page","link":"https:\/\/www.akarca.tc\/new\/duvar-uniteleri\/","title":{"rendered":"DUVAR \u00dcN\u0130TELER\u0130"},"content":{"rendered":"","protected":false},"excerpt":{"rendered":"","protected":false},"author":1,"featured_media":0,"parent":0,"menu_order":0,"comment_status":"closed","ping_status":"closed","template":"portfolio-vertical.php","meta":{"_joinchat":[],"footnotes":""},"class_list":["post-2012","page","type-page","status-publish","hentry"],"_links":{"self":[{"href":"https:\/\/www.akarca.tc\/new\/wp-json\/wp\/v2\/pages\/2012","targetHints":{"allow":["GET"]}}],"collection":[{"href":"https:\/\/www.akarca.tc\/new\/wp-json\/wp\/v2\/pages"}],"about":[{"href":"https:\/\/www.akarca.tc\/new\/wp-json\/wp\/v2\/types\/page"}],"author":[{"embeddable":true,"href":"https:\/\/www.akarca.tc\/new\/wp-json\/wp\/v2\/users\/1"}],"replies":[{"embeddable":true,"href":"https:\/\/www.akarca.tc\/new\/wp-json\/wp\/v2\/comments?post=2012"}],"version-history":[{"count":1,"href":"https:\/\/www.akarca.tc\/new\/wp-json\/wp\/v2\/pages\/2012\/revisions"}],"predecessor-version":[{"id":2013,"href":"https:\/\/www.akarca.tc\/new\/wp-json\/wp\/v2\/pages\/2012\/revisions\/2013"}],"wp:attachment":[{"href":"https:\/\/www.akarca.tc\/new\/wp-json\/wp\/v2\/media?parent=2012"}],"curies":[{"name":"wp","href":"https:\/\/api.w.org\/{rel}","templated":true}]}}