{"id":75,"date":"2016-02-19T16:17:17","date_gmt":"2016-02-19T16:17:17","guid":{"rendered":"http:\/\/149.28.205.167\/wps\/monolit\/?page_id=75"},"modified":"2026-02-27T09:10:10","modified_gmt":"2026-02-27T06:10:10","slug":"about","status":"publish","type":"page","link":"https:\/\/www.akarca.tc\/new\/about\/","title":{"rendered":"HAKKIMIZDA"},"content":{"rendered":"<p>[vc_row cth_layout=&#8221;monolit_page_sec&#8221; sec_number=&#8221;01&#8243; el_id=&#8221;sec1&#8243;][vc_column offset=&#8221;vc_col-md-8&#8243;][vc_column_text css=&#8221;&#8221;]<\/p>\n<h2 class=\"section-title\">Hikayemiz<\/h2>\n<p>Temelleri 1986 y\u0131l\u0131nda at\u0131lm\u0131\u015f, ikinci ku\u015fak aile \u00fcyelerinin \u00f6nc\u00fcl\u00fc\u011f\u00fcnde, 2012 y\u0131l\u0131ndan itibaren ; mobilya sekt\u00f6r\u00fcn\u00fcn sayg\u0131n, ah\u015fap ve dekorasyon konusunda tam te\u015fekk\u00fcll\u00fc \u00fcretim tesisleri ile entegre olmu\u015f, m\u00fc\u015fteri isteklerine uygun tedarik \u00e7\u00f6z\u00fcmleri sunan yakla\u015f\u0131ma sahip, yurti\u00e7i ve d\u0131\u015f\u0131ndaki 40\u2019a yak\u0131n ma\u011fazas\u0131yla D\u00fcnya\u2019ya a\u00e7\u0131lm\u0131\u015f, l\u00fcks, \u015f\u0131k ve zarif mobilyan\u0131n adresi ZEBRANO markas\u0131n\u0131n Modoko ve \u0130zmir(Ege B\u00f6lgesi) temsilcili\u011fini perakende sat\u0131\u015flar, i\u00e7 mimari konseptlerle ba\u015far\u0131yla y\u00fcr\u00fctmektedir.<\/p>\n<p>Ma\u011fazac\u0131l\u0131k sekt\u00f6r\u00fcndeki y\u0131llar\u0131n verdi\u011fi deneyimi, lider bir marka \u00f6nc\u00fcl\u00fc\u011f\u00fcnde ve i\u015flevselli\u011fini g\u00f6sterebilece\u011fi at\u00f6lye olu\u015fumuyla birle\u015ftirerek mobilya ve fazlas\u0131 denebilecek t\u00fcm \u00fcr\u00fcn, konsept \u00e7al\u0131\u015fmalar\u0131n\u0131 gen\u00e7, dinamik, vizyoner i\u00e7 mimari ve sat\u0131\u015f ekibiyle sizlerle payla\u015fmaktad\u0131r.<\/p>\n<div class=\"process-box\">\n<h3>Neler Yap\u0131yoruz<\/h3>\n<ul class=\"creat-list\">\n<li><a href=\"#\">Mobilya<\/a><\/li>\n<li><a href=\"#\">Dekorasyon<\/a><\/li>\n<li><a href=\"#\">Uygulama<\/a><\/li>\n<\/ul>\n<\/div>\n<p>[\/vc_column_text][\/vc_column][vc_column offset=&#8221;vc_col-md-4&#8243;][monolit_parallax_box box_pos=&#8221;center&#8221;]<img loading=\"lazy\" decoding=\"async\" class=\"alignnone wp-image-2031\" src=\"https:\/\/www.akarca.tc\/new\/wp-content\/uploads\/2025\/09\/Hakkimizda-245x300.jpg\" alt=\"\" width=\"511\" height=\"626\" srcset=\"https:\/\/www.akarca.tc\/new\/wp-content\/uploads\/2025\/09\/Hakkimizda-245x300.jpg 245w, https:\/\/www.akarca.tc\/new\/wp-content\/uploads\/2025\/09\/Hakkimizda-836x1024.jpg 836w, https:\/\/www.akarca.tc\/new\/wp-content\/uploads\/2025\/09\/Hakkimizda-768x941.jpg 768w, https:\/\/www.akarca.tc\/new\/wp-content\/uploads\/2025\/09\/Hakkimizda-1253x1536.jpg 1253w, https:\/\/www.akarca.tc\/new\/wp-content\/uploads\/2025\/09\/Hakkimizda-1671x2048.jpg 1671w, https:\/\/www.akarca.tc\/new\/wp-content\/uploads\/2025\/09\/Hakkimizda.jpg 1721w\" sizes=\"auto, (max-width: 511px) 100vw, 511px\" \/>[\/monolit_parallax_box][\/vc_column][\/vc_row][vc_row cth_layout=&#8221;monolit_page_dark_sec&#8221; parallax_inner_op=&#8221;0.8&#8243; sec_number=&#8221;02&#8243; sec_number_pos=&#8221;left&#8221; parallax_inner=&#8221;13&#8243; el_id=&#8221;sec2&#8243;][vc_column][vc_row_inner][vc_column_inner offset=&#8221;vc_col-md-4&#8243;][\/vc_column_inner][\/vc_row_inner][vc_row_inner][vc_column_inner offset=&#8221;vc_col-md-4&#8243;][\/vc_column_inner][vc_column_inner offset=&#8221;vc_col-md-8&#8243;][\/vc_column_inner][\/vc_row_inner][\/vc_column][\/vc_row][vc_row][vc_column][vc_separator css=&#8221;&#8221;][\/vc_column][\/vc_row][vc_row cth_layout=&#8221;monolit_page_sec&#8221; sec_number=&#8221;03&#8243; el_id=&#8221;sec3&#8243;][vc_column][vc_column_text css=&#8221;&#8221;]<\/p>\n<h2 class=\"section-title dec-title\">HAR\u0130KA EK\u0130B\u0130M\u0130Z<\/h2>\n<p>[\/vc_column_text][vc_row_inner][vc_column_inner width=&#8221;1\/2&#8243; offset=&#8221;vc_col-md-4&#8243;][monolit_member photo=&#8221;2184&#8243; socials=&#8221;%5B%5D&#8221;]<\/p>\n<h3><a class=\"ajax\" href=\"team-single.html\">Ruhi Akarca<\/a><\/h3>\n<h4>Y\u00f6netim Kurulu Ba\u015fkan\u0131<\/h4>\n<p>[\/monolit_member][\/vc_column_inner][vc_column_inner width=&#8221;1\/2&#8243; offset=&#8221;vc_col-md-4&#8243;][monolit_member photo=&#8221;2185&#8243; socials=&#8221;%5B%5D&#8221; parallax_value=&#8221;-100&#8243;]<\/p>\n<h3><a class=\"ajax\" href=\"team-single.html\">Emre Akarca<\/a><\/h3>\n<h4>Y\u00f6netim Kurulu Ba\u015fkan Yard\u0131mc\u0131s\u0131<\/h4>\n<p>[\/monolit_member][\/vc_column_inner][vc_column_inner width=&#8221;1\/2&#8243; offset=&#8221;vc_col-md-4&#8243;][monolit_member photo=&#8221;2186&#8243; socials=&#8221;%5B%5D&#8221;]<\/p>\n<h3>\u00dcmit Akarca<\/h3>\n<h4>Y\u00f6netim Kurulu Ba\u015fkan Yard\u0131mc\u0131s\u0131<\/h4>\n<p>[\/monolit_member][\/vc_column_inner][vc_column_inner width=&#8221;1\/2&#8243; offset=&#8221;vc_col-md-4&#8243;][\/vc_column_inner][vc_column_inner width=&#8221;1\/2&#8243; offset=&#8221;vc_col-md-4&#8243;][\/vc_column_inner][vc_column_inner width=&#8221;1\/2&#8243; offset=&#8221;vc_col-md-4&#8243;][\/vc_column_inner][\/vc_row_inner][\/vc_column][\/vc_row][vc_row cth_layout=&#8221;monolit_page_sec&#8221; sec_number=&#8221;03&#8243;][vc_column][vc_column_text css=&#8221;&#8221;]<\/p>\n<h2 class=\"section-title dec-title\">AKARCA FiNANS<\/h2>\n<p>[\/vc_column_text][vc_row_inner][vc_column_inner width=&#8221;1\/2&#8243; offset=&#8221;vc_col-md-4&#8243;][monolit_member photo=&#8221;2379&#8243; socials=&#8221;%5B%5D&#8221; parallax_value=&#8221;-50&#8243;][\/monolit_member][monolit_member photo=&#8221;2376&#8243; socials=&#8221;%5B%5D&#8221; parallax_value=&#8221;-50&#8243;]<\/p>\n<h3>Enes Bat<\/h3>\n<h4>Finans &#8211; Sat\u0131n Alma &#8211; Sevkiyat M\u00fcd\u00fcr\u00fc<\/h4>\n<p>[\/monolit_member][\/vc_column_inner][vc_column_inner width=&#8221;1\/2&#8243; offset=&#8221;vc_col-md-4&#8243;][monolit_member photo=&#8221;2377&#8243; socials=&#8221;%5B%5D&#8221; parallax_value=&#8221;100&#8243;]<\/p>\n<h3>Ali Mert G\u00f6k\u00e7en<\/h3>\n<h4>Genel Koordinat\u00f6r -\u0130\u00e7 Mimar<\/h4>\n<p>[\/monolit_member][monolit_member photo=&#8221;2375&#8243; socials=&#8221;%5B%5D&#8221; parallax_value=&#8221;100&#8243;]<\/p>\n<h3>Hasret T\u00fcrkmen<\/h3>\n<h4>Finans &#8211; \u0130nsan Kaynaklar\u0131 M\u00fcd\u00fcr\u00fc<\/h4>\n<p>[\/monolit_member][\/vc_column_inner][vc_column_inner width=&#8221;1\/2&#8243; offset=&#8221;vc_col-md-4&#8243;][monolit_member photo=&#8221;2379&#8243; socials=&#8221;%5B%5D&#8221; parallax_value=&#8221;-50&#8243;][\/monolit_member][monolit_member photo=&#8221;2374&#8243; socials=&#8221;%5B%7B%7D%5D&#8221; parallax_value=&#8221;-50&#8243;]<\/p>\n<h3>G\u00fcray Soysal<\/h3>\n<h4>Finans<\/h4>\n<p>[\/monolit_member][\/vc_column_inner][\/vc_row_inner][\/vc_column][\/vc_row][vc_row cth_layout=&#8221;monolit_page_sec&#8221; sec_number=&#8221;03&#8243;][vc_column][vc_column_text css=&#8221;&#8221;]<\/p>\n<h2 class=\"section-title dec-title\">\u0130STANBUL MODOKO<\/h2>\n<p>[\/vc_column_text][vc_row_inner][vc_column_inner width=&#8221;1\/2&#8243; offset=&#8221;vc_col-md-4&#8243;][\/vc_column_inner][vc_column_inner width=&#8221;1\/2&#8243; offset=&#8221;vc_col-md-4&#8243;][\/vc_column_inner][vc_column_inner width=&#8221;1\/2&#8243; offset=&#8221;vc_col-md-4&#8243;][\/vc_column_inner][vc_column_inner width=&#8221;1\/2&#8243; offset=&#8221;vc_col-md-4&#8243;][monolit_member photo=&#8221;2384&#8243; socials=&#8221;%5B%5D&#8221; parallax_value=&#8221;-50&#8243;]<\/p>\n<h3>Nurev\u015fan Polat<\/h3>\n<h4>\u0130\u00e7 Mimar<\/h4>\n<p>[\/monolit_member][monolit_member photo=&#8221;2409&#8243; socials=&#8221;%5B%7B%7D%5D&#8221; parallax_value=&#8221;-50&#8243;]<\/p>\n<h3>Ya\u011fmur Cebeci<\/h3>\n<h4>\u0130\u00e7 Mimar<\/h4>\n<p>[\/monolit_member][monolit_member photo=&#8221;2409&#8243; socials=&#8221;%5B%7B%7D%5D&#8221; parallax_value=&#8221;-50&#8243;]<\/p>\n<h3>Ay\u015fe I\u015f\u0131k<\/h3>\n<h4>Ofis Destek Eleman\u0131<\/h4>\n<p>[\/monolit_member][monolit_member photo=&#8221;2389&#8243; socials=&#8221;%5B%5D&#8221; parallax_value=&#8221;100&#8243;]<\/p>\n<h3>Mustafa \u00c7imen<\/h3>\n<h4>Sevkiyat Sorumlusu<\/h4>\n<p>[\/monolit_member][\/vc_column_inner][vc_column_inner width=&#8221;1\/2&#8243; offset=&#8221;vc_col-md-4&#8243;][monolit_member photo=&#8221;2385&#8243; socials=&#8221;%5B%5D&#8221; parallax_value=&#8221;100&#8243;]<\/p>\n<h3>Mert D\u00fcndar<\/h3>\n<h4>\u0130\u00e7 Mimar &#8211; \u015eantiye Sorumlusu<\/h4>\n<p>[\/monolit_member][monolit_member photo=&#8221;2383&#8243; socials=&#8221;%5B%5D&#8221; parallax_value=&#8221;100&#8243;]<\/p>\n<h3>Naz\u0131m Ayd\u0131n<\/h3>\n<h4>\u0130\u00e7 Mimar &#8211; Outdoor<\/h4>\n<p>[\/monolit_member][monolit_member photo=&#8221;2387&#8243; socials=&#8221;%5B%5D&#8221; parallax_value=&#8221;100&#8243;]<\/p>\n<h3>Meral Pekg\u00f6z<\/h3>\n<h4>Ofis Destek Eleman\u0131<\/h4>\n<p>[\/monolit_member][monolit_member photo=&#8221;2390&#8243; socials=&#8221;%5B%5D&#8221; parallax_value=&#8221;100&#8243;]<\/p>\n<h3>Mustafa \u015eim\u015fek<\/h3>\n<h4>Sevkiyat Sorumlusu<\/h4>\n<p>[\/monolit_member][\/vc_column_inner][vc_column_inner width=&#8221;1\/2&#8243; offset=&#8221;vc_col-md-4&#8243;][monolit_member photo=&#8221;2409&#8243; socials=&#8221;%5B%7B%7D%5D&#8221; parallax_value=&#8221;-50&#8243;]<\/p>\n<h3>Rabia \u0130lhan<\/h3>\n<h4>\u0130\u00e7 Mimar<\/h4>\n<p>[\/monolit_member][monolit_member photo=&#8221;2386&#8243; socials=&#8221;%5B%5D&#8221; parallax_value=&#8221;-50&#8243;]<\/p>\n<h3>G\u00f6kberk Akarca<\/h3>\n<h4>Sat\u0131\u015f ve M\u00fc\u015fteri Destek Sorumlusu<\/h4>\n<p>[\/monolit_member][monolit_member photo=&#8221;2388&#8243; socials=&#8221;%5B%5D&#8221; parallax_value=&#8221;-50&#8243;]<\/p>\n<h3>\u00d6nder I\u015f\u0131k<\/h3>\n<h4>Sevkiyat Sorumlusu<\/h4>\n<p>[\/monolit_member][monolit_member photo=&#8221;2379&#8243; socials=&#8221;%5B%5D&#8221; parallax_value=&#8221;-50&#8243;][\/monolit_member][\/vc_column_inner][\/vc_row_inner][\/vc_column][\/vc_row][vc_row cth_layout=&#8221;monolit_page_sec&#8221; sec_number=&#8221;03&#8243;][vc_column][vc_column_text css=&#8221;&#8221;]<\/p>\n<h2 class=\"section-title dec-title\">\u0130ZM\u0130R<\/h2>\n<p>[\/vc_column_text][vc_row_inner][vc_column_inner width=&#8221;1\/2&#8243; offset=&#8221;vc_col-md-4&#8243;][\/vc_column_inner][vc_column_inner width=&#8221;1\/2&#8243; offset=&#8221;vc_col-md-4&#8243;][\/vc_column_inner][vc_column_inner width=&#8221;1\/2&#8243; offset=&#8221;vc_col-md-4&#8243;][\/vc_column_inner][vc_column_inner width=&#8221;1\/2&#8243; offset=&#8221;vc_col-md-4&#8243;][monolit_member photo=&#8221;2197&#8243; socials=&#8221;%5B%5D&#8221; parallax_value=&#8221;-50&#8243;]<\/p>\n<h3>Alper \u00d6zengin<\/h3>\n<h4>Sat\u0131\u015f ve Ma\u011faza M\u00fcd\u00fcr\u00fc<\/h4>\n<p>[\/monolit_member][monolit_member photo=&#8221;2200&#8243; socials=&#8221;%5B%7B%7D%5D&#8221; parallax_value=&#8221;-50&#8243;]<\/p>\n<h3>Cansu \u00dcnl\u00fcer Tekin<\/h3>\n<h4>\u0130\u00e7 Mimar<\/h4>\n<p>[\/monolit_member][monolit_member photo=&#8221;2394&#8243; socials=&#8221;%5B%7B%7D%5D&#8221; parallax_value=&#8221;100&#8243;]<\/p>\n<h3>Didem \u00d6z\u015f\u0131nlak<\/h3>\n<h4>\u0130\u00e7 Mimar &#8211; Outdoor<\/h4>\n<p>[\/monolit_member][monolit_member photo=&#8221;2397&#8243; socials=&#8221;%5B%5D&#8221; parallax_value=&#8221;-50&#8243;]<\/p>\n<h3>Necmettin \u0130mam<\/h3>\n<h4>Sevkiyat Sorumlusu<\/h4>\n<p>[\/monolit_member][\/vc_column_inner][vc_column_inner width=&#8221;1\/2&#8243; offset=&#8221;vc_col-md-4&#8243;][monolit_member photo=&#8221;2198&#8243; socials=&#8221;%5B%7B%7D%5D&#8221; parallax_value=&#8221;100&#8243;]<\/p>\n<h3>Deniz Selek Denizgezen<\/h3>\n<h4>\u0130\u00e7 Mimar<\/h4>\n<p>[\/monolit_member][monolit_member photo=&#8221;2201&#8243; socials=&#8221;%5B%7B%7D%5D&#8221; parallax_value=&#8221;100&#8243;]<\/p>\n<h3>B\u00fc\u015fra \u0130nal<\/h3>\n<h4>\u0130\u00e7 Mimar<\/h4>\n<p>[\/monolit_member][monolit_member photo=&#8221;2395&#8243; socials=&#8221;%5B%7B%7D%5D&#8221; parallax_value=&#8221;100&#8243;]<\/p>\n<h3>Melis \u00d6zta\u015fk\u0131n<\/h3>\n<h4>\u0130\u00e7 Mimar<\/h4>\n<p>[\/monolit_member][monolit_member photo=&#8221;2207&#8243; socials=&#8221;%5B%5D&#8221; parallax_value=&#8221;100&#8243;]<\/p>\n<h3>\u0130smail Y\u0131ld\u0131z<\/h3>\n<h4>Sevkiyat Sorumlusu<\/h4>\n<p>[\/monolit_member][\/vc_column_inner][vc_column_inner width=&#8221;1\/2&#8243; offset=&#8221;vc_col-md-4&#8243;][monolit_member photo=&#8221;2199&#8243; socials=&#8221;%5B%5D&#8221; parallax_value=&#8221;-50&#8243;]<\/p>\n<h3>Gizem Kaya<\/h3>\n<h4>\u0130\u00e7 Mimar<\/h4>\n<p>[\/monolit_member][monolit_member photo=&#8221;2393&#8243; socials=&#8221;%5B%7B%7D%5D&#8221; parallax_value=&#8221;-50&#8243;]<\/p>\n<h3>Cem Oral<\/h3>\n<h4>Sat\u0131\u015f ve Pazarlama Sorumlusu &#8211; Outdoor<\/h4>\n<p>[\/monolit_member][monolit_member photo=&#8221;2396&#8243; socials=&#8221;%5B%5D&#8221; parallax_value=&#8221;-50&#8243;]<\/p>\n<h3>Hasan Kurtulan<\/h3>\n<h4>Sevkiyat Sorumlusu<\/h4>\n<p>[\/monolit_member][monolit_member photo=&#8221;2398&#8243; socials=&#8221;%5B%5D&#8221; parallax_value=&#8221;-50&#8243;]<\/p>\n<h3>Makbule Tezer<\/h3>\n<h4>Ofis Destek Eleman\u0131<\/h4>\n<p>[\/monolit_member][\/vc_column_inner][\/vc_row_inner][\/vc_column][\/vc_row]<\/p>\n","protected":false},"excerpt":{"rendered":"<p>[vc_row cth_layout=&#8221;monolit_page_sec&#8221; sec_number=&#8221;01&#8243; el_id=&#8221;sec1&#8243;][vc_column offset=&#8221;vc_col-md-8&#8243;][vc_column_text css=&#8221;&#8221;] Hikayemiz Temelleri 1986 y\u0131l\u0131nda at\u0131lm\u0131\u015f, ikinci ku\u015fak aile \u00fcyelerinin \u00f6nc\u00fcl\u00fc\u011f\u00fcnde, 2012 y\u0131l\u0131ndan itibaren ; mobilya sekt\u00f6r\u00fcn\u00fcn sayg\u0131n, ah\u015fap ve dekorasyon konusunda tam te\u015fekk\u00fcll\u00fc \u00fcretim tesisleri ile entegre olmu\u015f, m\u00fc\u015fteri isteklerine uygun tedarik \u00e7\u00f6z\u00fcmleri sunan yakla\u015f\u0131ma sahip, yurti\u00e7i ve d\u0131\u015f\u0131ndaki 40\u2019a yak\u0131n ma\u011fazas\u0131yla D\u00fcnya\u2019ya a\u00e7\u0131lm\u0131\u015f, l\u00fcks, \u015f\u0131k ve zarif mobilyan\u0131n [&hellip;]<\/p>\n","protected":false},"author":1,"featured_media":0,"parent":0,"menu_order":0,"comment_status":"closed","ping_status":"closed","template":"page-fullwidth.php","meta":{"_joinchat":[],"footnotes":""},"class_list":["post-75","page","type-page","status-publish","hentry"],"_links":{"self":[{"href":"https:\/\/www.akarca.tc\/new\/wp-json\/wp\/v2\/pages\/75","targetHints":{"allow":["GET"]}}],"collection":[{"href":"https:\/\/www.akarca.tc\/new\/wp-json\/wp\/v2\/pages"}],"about":[{"href":"https:\/\/www.akarca.tc\/new\/wp-json\/wp\/v2\/types\/page"}],"author":[{"embeddable":true,"href":"https:\/\/www.akarca.tc\/new\/wp-json\/wp\/v2\/users\/1"}],"replies":[{"embeddable":true,"href":"https:\/\/www.akarca.tc\/new\/wp-json\/wp\/v2\/comments?post=75"}],"version-history":[{"count":44,"href":"https:\/\/www.akarca.tc\/new\/wp-json\/wp\/v2\/pages\/75\/revisions"}],"predecessor-version":[{"id":2413,"href":"https:\/\/www.akarca.tc\/new\/wp-json\/wp\/v2\/pages\/75\/revisions\/2413"}],"wp:attachment":[{"href":"https:\/\/www.akarca.tc\/new\/wp-json\/wp\/v2\/media?parent=75"}],"curies":[{"name":"wp","href":"https:\/\/api.w.org\/{rel}","templated":true}]}}